{"id":941,"date":"2023-05-23T17:16:11","date_gmt":"2023-05-23T23:16:11","guid":{"rendered":"https:\/\/www.jgdesarrollos.mx\/tecnoge\/?post_type=product&#038;p=941"},"modified":"2023-05-23T17:21:46","modified_gmt":"2023-05-23T23:21:46","slug":"lampara-recargable-con-laser-y-teaser-correa","status":"publish","type":"product","link":"https:\/\/www.jgdesarrollos.mx\/tecnoge\/producto\/lampara-recargable-con-laser-y-teaser-correa\/","title":{"rendered":"L\u00e1mpara recargable con l\u00e1ser y teaser + correa"},"content":{"rendered":null,"protected":false},"excerpt":{"rendered":"<p>Venta a mayores de 18 a\u00f1os.<\/p>\n<p>Presentar identificaci\u00f3n oficial.<\/p>\n","protected":false},"featured_media":977,"comment_status":"open","ping_status":"closed","template":"","meta":{"_joinchat":[]},"product_brand":[],"product_cat":[45],"product_tag":[],"class_list":{"0":"post-941","1":"product","2":"type-product","3":"status-publish","4":"has-post-thumbnail","6":"product_cat-gadgets","7":"entry","8":"has-media","10":"first","11":"instock","12":"shipping-taxable","13":"purchasable","14":"product-type-simple"},"aioseo_notices":[],"_links":{"self":[{"href":"https:\/\/www.jgdesarrollos.mx\/tecnoge\/wp-json\/wp\/v2\/product\/941","targetHints":{"allow":["GET"]}}],"collection":[{"href":"https:\/\/www.jgdesarrollos.mx\/tecnoge\/wp-json\/wp\/v2\/product"}],"about":[{"href":"https:\/\/www.jgdesarrollos.mx\/tecnoge\/wp-json\/wp\/v2\/types\/product"}],"replies":[{"embeddable":true,"href":"https:\/\/www.jgdesarrollos.mx\/tecnoge\/wp-json\/wp\/v2\/comments?post=941"}],"wp:featuredmedia":[{"embeddable":true,"href":"https:\/\/www.jgdesarrollos.mx\/tecnoge\/wp-json\/wp\/v2\/media\/977"}],"wp:attachment":[{"href":"https:\/\/www.jgdesarrollos.mx\/tecnoge\/wp-json\/wp\/v2\/media?parent=941"}],"wp:term":[{"taxonomy":"product_brand","embeddable":true,"href":"https:\/\/www.jgdesarrollos.mx\/tecnoge\/wp-json\/wp\/v2\/product_brand?post=941"},{"taxonomy":"product_cat","embeddable":true,"href":"https:\/\/www.jgdesarrollos.mx\/tecnoge\/wp-json\/wp\/v2\/product_cat?post=941"},{"taxonomy":"product_tag","embeddable":true,"href":"https:\/\/www.jgdesarrollos.mx\/tecnoge\/wp-json\/wp\/v2\/product_tag?post=941"}],"curies":[{"name":"wp","href":"https:\/\/api.w.org\/{rel}","templated":true}]}}