{"id":800,"date":"2023-03-13T23:02:52","date_gmt":"2023-03-14T05:02:52","guid":{"rendered":"https:\/\/www.jgdesarrollos.mx\/tecnoge\/?post_type=product&#038;p=800"},"modified":"2024-06-20T13:50:24","modified_gmt":"2024-06-20T19:50:24","slug":"audifonos-alambricos-extra-bass-35mm","status":"publish","type":"product","link":"https:\/\/www.jgdesarrollos.mx\/tecnoge\/producto\/audifonos-alambricos-extra-bass-35mm\/","title":{"rendered":"Aud\u00edfonos al\u00e1mbricos Extra Bass 35mm"},"content":{"rendered":null,"protected":false},"excerpt":{"rendered":"<p>Aud\u00edfonos al\u00e1mbricos Extra Bass 35mm, variedad de colores.<\/p>\n","protected":false},"featured_media":919,"comment_status":"open","ping_status":"closed","template":"","meta":{"_joinchat":[]},"product_brand":[],"product_cat":[18],"product_tag":[],"class_list":{"0":"post-800","1":"product","2":"type-product","3":"status-publish","4":"has-post-thumbnail","6":"product_cat-audifonos","7":"entry","8":"has-media","10":"first","11":"instock","12":"shipping-taxable","13":"purchasable","14":"product-type-variable"},"aioseo_notices":[],"_links":{"self":[{"href":"https:\/\/www.jgdesarrollos.mx\/tecnoge\/wp-json\/wp\/v2\/product\/800","targetHints":{"allow":["GET"]}}],"collection":[{"href":"https:\/\/www.jgdesarrollos.mx\/tecnoge\/wp-json\/wp\/v2\/product"}],"about":[{"href":"https:\/\/www.jgdesarrollos.mx\/tecnoge\/wp-json\/wp\/v2\/types\/product"}],"replies":[{"embeddable":true,"href":"https:\/\/www.jgdesarrollos.mx\/tecnoge\/wp-json\/wp\/v2\/comments?post=800"}],"wp:featuredmedia":[{"embeddable":true,"href":"https:\/\/www.jgdesarrollos.mx\/tecnoge\/wp-json\/wp\/v2\/media\/919"}],"wp:attachment":[{"href":"https:\/\/www.jgdesarrollos.mx\/tecnoge\/wp-json\/wp\/v2\/media?parent=800"}],"wp:term":[{"taxonomy":"product_brand","embeddable":true,"href":"https:\/\/www.jgdesarrollos.mx\/tecnoge\/wp-json\/wp\/v2\/product_brand?post=800"},{"taxonomy":"product_cat","embeddable":true,"href":"https:\/\/www.jgdesarrollos.mx\/tecnoge\/wp-json\/wp\/v2\/product_cat?post=800"},{"taxonomy":"product_tag","embeddable":true,"href":"https:\/\/www.jgdesarrollos.mx\/tecnoge\/wp-json\/wp\/v2\/product_tag?post=800"}],"curies":[{"name":"wp","href":"https:\/\/api.w.org\/{rel}","templated":true}]}}