{"id":534,"date":"2023-01-08T22:46:50","date_gmt":"2023-01-09T04:46:50","guid":{"rendered":"https:\/\/www.jgdesarrollos.mx\/tecnoge\/?post_type=product&#038;p=534"},"modified":"2023-05-17T12:01:33","modified_gmt":"2023-05-17T18:01:33","slug":"paquete-6-pzas-de-tapas-hermeticas-de-silicon-flexible","status":"publish","type":"product","link":"https:\/\/www.jgdesarrollos.mx\/tecnoge\/producto\/paquete-6-pzas-de-tapas-hermeticas-de-silicon-flexible\/","title":{"rendered":"Paquete 6 pzas de tapas herm\u00e9ticas de silic\u00f3n flexible"},"content":{"rendered":null,"protected":false},"excerpt":{"rendered":"<p>Paquete 6 pzas de tapas herm\u00e9ticas de silic\u00f3n flexible<\/p>\n","protected":false},"featured_media":551,"comment_status":"open","ping_status":"closed","template":"","meta":{"_joinchat":[]},"product_brand":[],"product_cat":[17],"product_tag":[],"class_list":{"0":"post-534","1":"product","2":"type-product","3":"status-publish","4":"has-post-thumbnail","6":"product_cat-hogar","7":"entry","8":"has-media","10":"first","11":"instock","12":"shipping-taxable","13":"purchasable","14":"product-type-variable"},"aioseo_notices":[],"_links":{"self":[{"href":"https:\/\/www.jgdesarrollos.mx\/tecnoge\/wp-json\/wp\/v2\/product\/534","targetHints":{"allow":["GET"]}}],"collection":[{"href":"https:\/\/www.jgdesarrollos.mx\/tecnoge\/wp-json\/wp\/v2\/product"}],"about":[{"href":"https:\/\/www.jgdesarrollos.mx\/tecnoge\/wp-json\/wp\/v2\/types\/product"}],"replies":[{"embeddable":true,"href":"https:\/\/www.jgdesarrollos.mx\/tecnoge\/wp-json\/wp\/v2\/comments?post=534"}],"wp:featuredmedia":[{"embeddable":true,"href":"https:\/\/www.jgdesarrollos.mx\/tecnoge\/wp-json\/wp\/v2\/media\/551"}],"wp:attachment":[{"href":"https:\/\/www.jgdesarrollos.mx\/tecnoge\/wp-json\/wp\/v2\/media?parent=534"}],"wp:term":[{"taxonomy":"product_brand","embeddable":true,"href":"https:\/\/www.jgdesarrollos.mx\/tecnoge\/wp-json\/wp\/v2\/product_brand?post=534"},{"taxonomy":"product_cat","embeddable":true,"href":"https:\/\/www.jgdesarrollos.mx\/tecnoge\/wp-json\/wp\/v2\/product_cat?post=534"},{"taxonomy":"product_tag","embeddable":true,"href":"https:\/\/www.jgdesarrollos.mx\/tecnoge\/wp-json\/wp\/v2\/product_tag?post=534"}],"curies":[{"name":"wp","href":"https:\/\/api.w.org\/{rel}","templated":true}]}}