{"id":1679,"date":"2024-06-21T22:50:59","date_gmt":"2024-06-22T04:50:59","guid":{"rendered":"https:\/\/www.jgdesarrollos.mx\/tecnoge\/producto\/audifonos-alambricos-tipo-c-2\/"},"modified":"2024-06-21T22:50:59","modified_gmt":"2024-06-22T04:50:59","slug":"audifonos-alambricos-tipo-c-2","status":"publish","type":"product","link":"https:\/\/www.jgdesarrollos.mx\/tecnoge\/producto\/audifonos-alambricos-tipo-c-2\/","title":{"rendered":"Aud\u00edfonos al\u00e1mbricos tipo C"},"content":{"rendered":null,"protected":false},"excerpt":{"rendered":"<p>Aud\u00edfonos al\u00e1mbricos manos libres con entrada tipo C.<\/p>\n","protected":false},"featured_media":1339,"comment_status":"open","ping_status":"closed","template":"","meta":{"_joinchat":[]},"product_brand":[],"product_cat":[18],"product_tag":[],"class_list":{"0":"post-1679","1":"product","2":"type-product","3":"status-publish","4":"has-post-thumbnail","6":"product_cat-audifonos","7":"entry","8":"has-media","10":"first","11":"instock","12":"shipping-taxable","13":"purchasable","14":"product-type-simple"},"aioseo_notices":[],"_links":{"self":[{"href":"https:\/\/www.jgdesarrollos.mx\/tecnoge\/wp-json\/wp\/v2\/product\/1679","targetHints":{"allow":["GET"]}}],"collection":[{"href":"https:\/\/www.jgdesarrollos.mx\/tecnoge\/wp-json\/wp\/v2\/product"}],"about":[{"href":"https:\/\/www.jgdesarrollos.mx\/tecnoge\/wp-json\/wp\/v2\/types\/product"}],"replies":[{"embeddable":true,"href":"https:\/\/www.jgdesarrollos.mx\/tecnoge\/wp-json\/wp\/v2\/comments?post=1679"}],"wp:featuredmedia":[{"embeddable":true,"href":"https:\/\/www.jgdesarrollos.mx\/tecnoge\/wp-json\/wp\/v2\/media\/1339"}],"wp:attachment":[{"href":"https:\/\/www.jgdesarrollos.mx\/tecnoge\/wp-json\/wp\/v2\/media?parent=1679"}],"wp:term":[{"taxonomy":"product_brand","embeddable":true,"href":"https:\/\/www.jgdesarrollos.mx\/tecnoge\/wp-json\/wp\/v2\/product_brand?post=1679"},{"taxonomy":"product_cat","embeddable":true,"href":"https:\/\/www.jgdesarrollos.mx\/tecnoge\/wp-json\/wp\/v2\/product_cat?post=1679"},{"taxonomy":"product_tag","embeddable":true,"href":"https:\/\/www.jgdesarrollos.mx\/tecnoge\/wp-json\/wp\/v2\/product_tag?post=1679"}],"curies":[{"name":"wp","href":"https:\/\/api.w.org\/{rel}","templated":true}]}}