{"id":1022,"date":"2023-05-24T14:29:02","date_gmt":"2023-05-24T20:29:02","guid":{"rendered":"https:\/\/www.jgdesarrollos.mx\/tecnoge\/?post_type=product&#038;p=1022"},"modified":"2023-05-24T14:31:33","modified_gmt":"2023-05-24T20:31:33","slug":"audifonos-inalambricos-con-estuche-de-carga-e-indicador-de-bateria-moreka-2","status":"publish","type":"product","link":"https:\/\/www.jgdesarrollos.mx\/tecnoge\/producto\/audifonos-inalambricos-con-estuche-de-carga-e-indicador-de-bateria-moreka-2\/","title":{"rendered":"Aud\u00edfonos inal\u00e1mbricos con estuche de carga e indicador de bater\u00eda Moreka"},"content":{"rendered":null,"protected":false},"excerpt":{"rendered":"<p>Aud\u00edfonos inal\u00e1mbricos con estuche de carga e indicador de bater\u00eda Moreka<\/p>\n","protected":false},"featured_media":1028,"comment_status":"open","ping_status":"closed","template":"","meta":{"_joinchat":[]},"product_brand":[],"product_cat":[18],"product_tag":[],"class_list":{"0":"post-1022","1":"product","2":"type-product","3":"status-publish","4":"has-post-thumbnail","6":"product_cat-audifonos","7":"entry","8":"has-media","10":"first","11":"instock","12":"shipping-taxable","13":"purchasable","14":"product-type-variable"},"aioseo_notices":[],"_links":{"self":[{"href":"https:\/\/www.jgdesarrollos.mx\/tecnoge\/wp-json\/wp\/v2\/product\/1022","targetHints":{"allow":["GET"]}}],"collection":[{"href":"https:\/\/www.jgdesarrollos.mx\/tecnoge\/wp-json\/wp\/v2\/product"}],"about":[{"href":"https:\/\/www.jgdesarrollos.mx\/tecnoge\/wp-json\/wp\/v2\/types\/product"}],"replies":[{"embeddable":true,"href":"https:\/\/www.jgdesarrollos.mx\/tecnoge\/wp-json\/wp\/v2\/comments?post=1022"}],"wp:featuredmedia":[{"embeddable":true,"href":"https:\/\/www.jgdesarrollos.mx\/tecnoge\/wp-json\/wp\/v2\/media\/1028"}],"wp:attachment":[{"href":"https:\/\/www.jgdesarrollos.mx\/tecnoge\/wp-json\/wp\/v2\/media?parent=1022"}],"wp:term":[{"taxonomy":"product_brand","embeddable":true,"href":"https:\/\/www.jgdesarrollos.mx\/tecnoge\/wp-json\/wp\/v2\/product_brand?post=1022"},{"taxonomy":"product_cat","embeddable":true,"href":"https:\/\/www.jgdesarrollos.mx\/tecnoge\/wp-json\/wp\/v2\/product_cat?post=1022"},{"taxonomy":"product_tag","embeddable":true,"href":"https:\/\/www.jgdesarrollos.mx\/tecnoge\/wp-json\/wp\/v2\/product_tag?post=1022"}],"curies":[{"name":"wp","href":"https:\/\/api.w.org\/{rel}","templated":true}]}}