{"id":374,"date":"2022-12-21T16:55:55","date_gmt":"2022-12-21T22:55:55","guid":{"rendered":"https:\/\/www.jgdesarrollos.mx\/tecnoge\/?page_id=374"},"modified":"2022-12-21T16:57:07","modified_gmt":"2022-12-21T22:57:07","slug":"terminos-y-condiciones","status":"publish","type":"page","link":"https:\/\/www.jgdesarrollos.mx\/tecnoge\/terminos-y-condiciones\/","title":{"rendered":"T\u00e9rminos y Condiciones"},"content":{"rendered":"<div class=\"wpb-content-wrapper\">[vc_row][vc_column]<h5 class=\"vcex-heading vcex-module wpex-text-2xl wpex-font-normal wpex-m-auto wpex-max-w-100 vcex-heading-plain wpex-block\"><span class=\"vcex-heading-inner wpex-inline-block wpex-clr\">T\u00e9rminos y Condiciones<\/span><\/h5>[\/vc_column][\/vc_row][vc_row][vc_column][vc_column_text]Esta p\u00e1gina web es propiedad y est\u00e1 operado por TECNO-GE. Estos T\u00e9rminos establecen los t\u00e9rminos y condiciones bajo los cuales tu puedes usar nuestra p\u00e1gina web y servicios ofrecidos por nosotros. Esta p\u00e1gina web ofrece a los visitantes art\u00edculos electr\u00f3nicos diversos. Al acceder o usar la p\u00e1gina web de nuestro servicio, usted aprueba que haya le\u00eddo, entendido y aceptado estar sujeto a estos T\u00e9rminos:<\/p>\n<p>Para usar nuestro p\u00e1gina web y \/ o recibir nuestros servicios, debes tener al menos 18 a\u00f1os de edad, o la mayor\u00eda de edad legal en tu jurisdicci\u00f3n, y poseer la autoridad legal, el derecho y la libertad para participar en estos T\u00e9rminos como un acuerdo vinculante. No tienes permitido utilizar esta p\u00e1gina web y \/ o recibir servicios si hacerlo est\u00e1 prohibido en tu pa\u00eds o en virtud de cualquier ley o regulaci\u00f3n aplicable a tu caso.<\/p>\n<p>Al comprar un art\u00edculo, aceptas que: (i) eres responsable de leer el listado completo del art\u00edculo antes de comprometerte a comprarlo: (ii) celebras un contrato legalmente vinculante para comprar un art\u00edculo cuando te comprometed a comprar un art\u00edculo y completar el proceso de check-out.<\/p>\n<p>Los precios que cobramos por usar nuestros servicios \/ para nuestros productos se enumeran en la p\u00e1gina web. Nos reservamos el derecho de cambiar nuestros precios para los productos que se muestran en cualquier momento y de corregir los errores de precios que pueden ocurrir inadvertidamente. Informaci\u00f3n adicional sobre precios e impuestos sobre las ventas est\u00e1 disponible en la p\u00e1gina de pagos.<\/p>\n<p>La tarifa por los servicios y cualquier otro cargo que pueda incurrir en relaci\u00f3n con tu uso del servicio, como los impuestos y las posibles tarifas de transacci\u00f3n, se cobrar\u00e1n mensualmente a tu m\u00e9todo de pago.[\/vc_column_text][\/vc_column][\/vc_row][vc_row][vc_column]<h5 class=\"vcex-heading vcex-module wpex-text-2xl wpex-font-normal wpex-m-auto wpex-max-w-100 vcex-heading-plain wpex-block\"><span class=\"vcex-heading-inner wpex-inline-block wpex-clr\">Pol\u00edtica de Devoluciones o Reembolsos<\/span><\/h5>[\/vc_column][\/vc_row][vc_row][vc_column][vc_column_text]Para cualquier producto no da\u00f1ado, simplemente devu\u00e9lvelo con los accesorios y el paquete incluidos junto con el recibo original (o recibo de regalo) dentro de los 5 d\u00edas posteriores a la fecha que recibiste el producto, y lo cambiaremos o te ofreceremos un reembolso basado en el m\u00e9todo de pago original . Adem\u00e1s, ten en cuenta lo siguiente: (i) Los productos solo se pueden devolver en el pa\u00eds en el que se compraron originalmente; y (ii) los siguientes productos no son elegibles para la devoluci\u00f3n:<\/p>\n<ul>\n<li>Cuando muestre signos de uso inapropiado.<\/li>\n<li>Golpes, rayones, abolladuras<\/li>\n<\/ul>\n[\/vc_column_text][\/vc_column][\/vc_row][vc_row][vc_column]<h5 class=\"vcex-heading vcex-module wpex-text-2xl wpex-font-normal wpex-m-auto wpex-max-w-100 vcex-heading-plain wpex-block\"><span class=\"vcex-heading-inner wpex-inline-block wpex-clr\">Garant\u00edas<\/span><\/h5>[\/vc_column][\/vc_row][vc_row][vc_column][vc_column_text]Cuando recibimos un reclamo de garant\u00eda v\u00e1lido de un producto que vendemos, repararemos el defecto relevante o reemplazaremos el producto. Si no podemos reparar o reemplazar el producto dentro de un tiempo razonable, el cliente tendr\u00e1 derecho a un reembolso total cuando nos devuelva el producto. Pagaremos el env\u00edo de los productos reparados o reemplazados al cliente y el cliente ser\u00e1 responsable de devolvernos el producto.[\/vc_column_text][\/vc_column][\/vc_row]\n<\/div>","protected":false},"excerpt":{"rendered":"<p>[vc_row][vc_column][\/vc_column][\/vc_row][vc_row][vc_column][vc_column_text]Esta p\u00e1gina web es propiedad y est\u00e1 operado por TECNO-GE. Estos T\u00e9rminos establecen los t\u00e9rminos y condiciones bajo los cuales tu puedes usar nuestra p\u00e1gina web y servicios ofrecidos por nosotros. Esta p\u00e1gina web ofrece a los visitantes art\u00edculos electr\u00f3nicos diversos. Al acceder o usar la p\u00e1gina web de nuestro servicio, usted aprueba que haya&hellip;<\/p>\n","protected":false},"author":1,"featured_media":0,"parent":0,"menu_order":0,"comment_status":"closed","ping_status":"closed","template":"","meta":{"_joinchat":[],"footnotes":""},"class_list":["post-374","page","type-page","status-publish","hentry","entry","no-media"],"aioseo_notices":[],"_links":{"self":[{"href":"https:\/\/www.jgdesarrollos.mx\/tecnoge\/wp-json\/wp\/v2\/pages\/374","targetHints":{"allow":["GET"]}}],"collection":[{"href":"https:\/\/www.jgdesarrollos.mx\/tecnoge\/wp-json\/wp\/v2\/pages"}],"about":[{"href":"https:\/\/www.jgdesarrollos.mx\/tecnoge\/wp-json\/wp\/v2\/types\/page"}],"author":[{"embeddable":true,"href":"https:\/\/www.jgdesarrollos.mx\/tecnoge\/wp-json\/wp\/v2\/users\/1"}],"replies":[{"embeddable":true,"href":"https:\/\/www.jgdesarrollos.mx\/tecnoge\/wp-json\/wp\/v2\/comments?post=374"}],"version-history":[{"count":2,"href":"https:\/\/www.jgdesarrollos.mx\/tecnoge\/wp-json\/wp\/v2\/pages\/374\/revisions"}],"predecessor-version":[{"id":376,"href":"https:\/\/www.jgdesarrollos.mx\/tecnoge\/wp-json\/wp\/v2\/pages\/374\/revisions\/376"}],"wp:attachment":[{"href":"https:\/\/www.jgdesarrollos.mx\/tecnoge\/wp-json\/wp\/v2\/media?parent=374"}],"curies":[{"name":"wp","href":"https:\/\/api.w.org\/{rel}","templated":true}]}}